{"id":6,"date":"2016-04-18T19:54:43","date_gmt":"2016-04-18T19:54:43","guid":{"rendered":"http:\/\/sgrossaturabianchi.it\/?page_id=6"},"modified":"2016-05-14T18:17:35","modified_gmt":"2016-05-14T18:17:35","slug":"parco-macchine","status":"publish","type":"page","link":"https:\/\/sgrossaturabianchi.it\/index.php\/parco-macchine\/","title":{"rendered":"Parco Macchine"},"content":{"rendered":"<h2 style=\"display:none;\">Parco macchine Sgrossatura Bianchi<\/h2>\n<p>Superficie coperta: 1.300 mq<br \/>\nArea esterna: 2.200 mq<br \/>\nPossibilit\u00e0 di carico\/scarico: 50.000 Kg.<br \/>\n(nr. 2 carroponti 25 ton; nr. 1 carroponte 50 ton; nr. 1 carrello elevatore 42 ton.)<\/p>\n<p>Dimensioni massime di lavorazione:<br \/>\ntornitura bussole interno ed esterno sino a 7000 mm (lunghezza) fino a \u00d8 1700 mm<\/p>\n<p><!-- index.php -->\n<div\n\tclass=\"ngg-galleryoverview ngg-ajax-pagination-none\"\n\tid=\"ngg-gallery-79-1\">\n\n    \t\t<!-- Thumbnails -->\n\t\t\t\t<div id=\"ngg-image-0\" class=\"ngg-gallery-thumbnail-box\" >\n\t\t\t\t        <div class=\"ngg-gallery-thumbnail\">\n            <a href=\"https:\/\/sgrossaturabianchi.it\/wp-content\/gallery\/ParcoMacchine\/01.jpg\"\n               title=\"&lt;p style=&quot;font-size:16px;&quot;&gt;&lt;strong&gt;ALESATRICE JUARISTI TX7S&lt;\/strong&gt;&lt;\/p&gt; &lt;p style=&quot;text-align: left;&quot;&gt;&lt;span style=&quot;font-size: 14px;&quot;&gt; Controllo numerico HEIDENHAIN ITCN 530&lt;br\/&gt; Asservita da sistema CAD\/CAM \u2013 Alpha CAM \u2013 Part Modeler - Edgecam &lt;br\/&gt; X = 4000 mm Y = 3000 mm Z = 2000 mm &lt;br\/&gt; Portata 40.000 Kg. &lt;\/span&gt;&lt;\/p&gt;\"\n               data-src=\"https:\/\/sgrossaturabianchi.it\/wp-content\/gallery\/ParcoMacchine\/01.jpg\"\n               data-thumbnail=\"https:\/\/sgrossaturabianchi.it\/wp-content\/gallery\/ParcoMacchine\/thumbs\/thumbs_01.jpg\"\n               data-image-id=\"2\"\n               data-title=\"ALESATRICE JUARISTI TX7S\"\n               data-description=\"&lt;p style=&quot;font-size:16px;&quot;&gt;&lt;strong&gt;ALESATRICE JUARISTI TX7S&lt;\/strong&gt;&lt;\/p&gt; &lt;p style=&quot;text-align: left;&quot;&gt;&lt;span style=&quot;font-size: 14px;&quot;&gt; Controllo numerico HEIDENHAIN ITCN 530&lt;br\/&gt; Asservita da sistema CAD\/CAM \u2013 Alpha CAM \u2013 Part Modeler - Edgecam &lt;br\/&gt; X = 4000 mm Y = 3000 mm Z = 2000 mm &lt;br\/&gt; Portata 40.000 Kg. &lt;\/span&gt;&lt;\/p&gt;\"\n               data-image-slug=\"01\"\n               class=\"ngg-fancybox\" rel=\"79\">\n                <img\n                    title=\"ALESATRICE JUARISTI TX7S\"\n                    alt=\"ALESATRICE JUARISTI TX7S\"\n                    src=\"https:\/\/sgrossaturabianchi.it\/wp-content\/gallery\/ParcoMacchine\/thumbs\/thumbs_01.jpg\"\n                    width=\"240\"\n                    height=\"160\"\n                    style=\"max-width:100%;\"\n                \/>\n            <\/a>\n        <\/div>\n\t\t\t\t\t\t\t<\/div> \n\t\t\t\n                            \n\t\t\t\t<div id=\"ngg-image-1\" class=\"ngg-gallery-thumbnail-box\" >\n\t\t\t\t        <div class=\"ngg-gallery-thumbnail\">\n            <a href=\"https:\/\/sgrossaturabianchi.it\/wp-content\/gallery\/ParcoMacchine\/02.jpg\"\n               title=\"&lt;p style=&quot;font-size:16px;&quot;&gt;&lt;strong&gt;ALESATRICE TOS VARNSDORF&lt;\/strong&gt;&lt;\/p&gt; &lt;p style=&quot;text-align: left;&quot;&gt;&lt;span style=&quot;font-size: 14px;&quot;&gt; Controllo numerico HEIDENHAIN ITCN 530&lt;br \/&gt; Asservita da sistema CAD\/CAM \u2013 Alpha CAM \u2013 Part Modeler - Edgecam&lt;br \/&gt; X = 4000 mm Y = 2500 mm Z = 1600 mm&lt;br \/&gt; Portata 20.000 Kg.&lt;br \/&gt; &lt;\/span&gt;&lt;\/p&gt;\"\n               data-src=\"https:\/\/sgrossaturabianchi.it\/wp-content\/gallery\/ParcoMacchine\/02.jpg\"\n               data-thumbnail=\"https:\/\/sgrossaturabianchi.it\/wp-content\/gallery\/ParcoMacchine\/thumbs\/thumbs_02.jpg\"\n               data-image-id=\"3\"\n               data-title=\"ALESATRICE TOS VARNSDORF\"\n               data-description=\"&lt;p style=&quot;font-size:16px;&quot;&gt;&lt;strong&gt;ALESATRICE TOS VARNSDORF&lt;\/strong&gt;&lt;\/p&gt; &lt;p style=&quot;text-align: left;&quot;&gt;&lt;span style=&quot;font-size: 14px;&quot;&gt; Controllo numerico HEIDENHAIN ITCN 530&lt;br \/&gt; Asservita da sistema CAD\/CAM \u2013 Alpha CAM \u2013 Part Modeler - Edgecam&lt;br \/&gt; X = 4000 mm Y = 2500 mm Z = 1600 mm&lt;br \/&gt; Portata 20.000 Kg.&lt;br \/&gt; &lt;\/span&gt;&lt;\/p&gt;\"\n               data-image-slug=\"02\"\n               class=\"ngg-fancybox\" rel=\"79\">\n                <img\n                    title=\"ALESATRICE TOS VARNSDORF\"\n                    alt=\"ALESATRICE TOS VARNSDORF\"\n                    src=\"https:\/\/sgrossaturabianchi.it\/wp-content\/gallery\/ParcoMacchine\/thumbs\/thumbs_02.jpg\"\n                    width=\"240\"\n                    height=\"160\"\n                    style=\"max-width:100%;\"\n                \/>\n            <\/a>\n        <\/div>\n\t\t\t\t\t\t\t<\/div> \n\t\t\t\n                            \n\t\t\t\t<div id=\"ngg-image-2\" class=\"ngg-gallery-thumbnail-box\" >\n\t\t\t\t        <div class=\"ngg-gallery-thumbnail\">\n            <a href=\"https:\/\/sgrossaturabianchi.it\/wp-content\/gallery\/ParcoMacchine\/03.jpg\"\n               title=\"&lt;p style=&quot;font-size:16px;&quot;&gt;&lt;strong&gt;TORNIO PARALLELO KRAMATORSK&lt;\/strong&gt;&lt;\/p&gt; &lt;p style=&quot;text-align: left;&quot;&gt;&lt;span style=&quot;font-size: 14px;&quot;&gt; Attrezzato con bareno \u201cSandvik\u201d (Coromant) \u00d8 250 mm&lt;br&gt; Con controllo numerico HEIDENHAIN CNC PILOT 4290&lt;br&gt; Plat\u00f2 \u00d8 1600 mm Lunghezza 8000 mm &lt;br&gt; Portata 40.000 Kg. (tra le punte)&lt;br&gt; &lt;\/span&gt;&lt;\/p&gt;\"\n               data-src=\"https:\/\/sgrossaturabianchi.it\/wp-content\/gallery\/ParcoMacchine\/03.jpg\"\n               data-thumbnail=\"https:\/\/sgrossaturabianchi.it\/wp-content\/gallery\/ParcoMacchine\/thumbs\/thumbs_03.jpg\"\n               data-image-id=\"4\"\n               data-title=\"TORNIO PARALLELO KRAMATORSK\"\n               data-description=\"&lt;p style=&quot;font-size:16px;&quot;&gt;&lt;strong&gt;TORNIO PARALLELO KRAMATORSK&lt;\/strong&gt;&lt;\/p&gt; &lt;p style=&quot;text-align: left;&quot;&gt;&lt;span style=&quot;font-size: 14px;&quot;&gt; Attrezzato con bareno \u201cSandvik\u201d (Coromant) \u00d8 250 mm&lt;br&gt; Con controllo numerico HEIDENHAIN CNC PILOT 4290&lt;br&gt; Plat\u00f2 \u00d8 1600 mm Lunghezza 8000 mm &lt;br&gt; Portata 40.000 Kg. (tra le punte)&lt;br&gt; &lt;\/span&gt;&lt;\/p&gt;\"\n               data-image-slug=\"03\"\n               class=\"ngg-fancybox\" rel=\"79\">\n                <img\n                    title=\"TORNIO PARALLELO KRAMATORSK\"\n                    alt=\"TORNIO PARALLELO KRAMATORSK\"\n                    src=\"https:\/\/sgrossaturabianchi.it\/wp-content\/gallery\/ParcoMacchine\/thumbs\/thumbs_03.jpg\"\n                    width=\"240\"\n                    height=\"160\"\n                    style=\"max-width:100%;\"\n                \/>\n            <\/a>\n        <\/div>\n\t\t\t\t\t\t\t<\/div> \n\t\t\t\n                                    <br style=\"clear: both\" \/>\n                    \n\t\t\t\t<div id=\"ngg-image-3\" class=\"ngg-gallery-thumbnail-box\" >\n\t\t\t\t        <div class=\"ngg-gallery-thumbnail\">\n            <a href=\"https:\/\/sgrossaturabianchi.it\/wp-content\/gallery\/ParcoMacchine\/04.jpg\"\n               title=\"&lt;p style=&quot;font-size:16px;&quot;&gt;&lt;strong&gt;TORNIO PARALLELO PLOIESTI&lt;\/strong&gt;&lt;\/p&gt; &lt;p style=&quot;text-align: left;&quot;&gt;&lt;span style=&quot;font-size: 14px;&quot;&gt; Plat\u00f2 \u00d8 1400 mm Lunghezza 8000 mm&lt;br&gt; Portata 18.000 Kg. (tra le punte) &lt;br&gt; &lt;\/span&gt;&lt;\/p&gt;\"\n               data-src=\"https:\/\/sgrossaturabianchi.it\/wp-content\/gallery\/ParcoMacchine\/04.jpg\"\n               data-thumbnail=\"https:\/\/sgrossaturabianchi.it\/wp-content\/gallery\/ParcoMacchine\/thumbs\/thumbs_04.jpg\"\n               data-image-id=\"5\"\n               data-title=\"TORNIO PARALLELO PLOIESTI\"\n               data-description=\"&lt;p style=&quot;font-size:16px;&quot;&gt;&lt;strong&gt;TORNIO PARALLELO PLOIESTI&lt;\/strong&gt;&lt;\/p&gt; &lt;p style=&quot;text-align: left;&quot;&gt;&lt;span style=&quot;font-size: 14px;&quot;&gt; Plat\u00f2 \u00d8 1400 mm Lunghezza 8000 mm&lt;br&gt; Portata 18.000 Kg. (tra le punte) &lt;br&gt; &lt;\/span&gt;&lt;\/p&gt;\"\n               data-image-slug=\"04\"\n               class=\"ngg-fancybox\" rel=\"79\">\n                <img\n                    title=\"TORNIO PARALLELO PLOIESTI\"\n                    alt=\"TORNIO PARALLELO PLOIESTI\"\n                    src=\"https:\/\/sgrossaturabianchi.it\/wp-content\/gallery\/ParcoMacchine\/thumbs\/thumbs_04.jpg\"\n                    width=\"240\"\n                    height=\"160\"\n                    style=\"max-width:100%;\"\n                \/>\n            <\/a>\n        <\/div>\n\t\t\t\t\t\t\t<\/div> \n\t\t\t\n                            \n\t\t\t\t<div id=\"ngg-image-4\" class=\"ngg-gallery-thumbnail-box\" >\n\t\t\t\t        <div class=\"ngg-gallery-thumbnail\">\n            <a href=\"https:\/\/sgrossaturabianchi.it\/wp-content\/gallery\/ParcoMacchine\/05.jpg\"\n               title=\"&lt;p style=&quot;font-size:16px;&quot;&gt;&lt;strong&gt;TORNIO PARALLELO KRAMATORSK TRADIZIONALE&lt;\/strong&gt;&lt;\/p&gt; &lt;p style=&quot;text-align: left;&quot;&gt;&lt;span style=&quot;font-size: 14px;&quot;&gt; Attrezzato con bareno \u201cSandvik\u201d (Coromant) \u00d8 350 mm&lt;br&gt; Plat\u00f2 \u00d8 2000 mm Lunghezza 10000 mm&lt;br&gt; Portata 63.000 Kg. (tra le punte)&lt;br&gt; &lt;\/span&gt;&lt;\/p&gt;\"\n               data-src=\"https:\/\/sgrossaturabianchi.it\/wp-content\/gallery\/ParcoMacchine\/05.jpg\"\n               data-thumbnail=\"https:\/\/sgrossaturabianchi.it\/wp-content\/gallery\/ParcoMacchine\/thumbs\/thumbs_05.jpg\"\n               data-image-id=\"6\"\n               data-title=\"TORNIO PARALLELO KRAMATORSK TRADIZIONALE\"\n               data-description=\"&lt;p style=&quot;font-size:16px;&quot;&gt;&lt;strong&gt;TORNIO PARALLELO KRAMATORSK TRADIZIONALE&lt;\/strong&gt;&lt;\/p&gt; &lt;p style=&quot;text-align: left;&quot;&gt;&lt;span style=&quot;font-size: 14px;&quot;&gt; Attrezzato con bareno \u201cSandvik\u201d (Coromant) \u00d8 350 mm&lt;br&gt; Plat\u00f2 \u00d8 2000 mm Lunghezza 10000 mm&lt;br&gt; Portata 63.000 Kg. (tra le punte)&lt;br&gt; &lt;\/span&gt;&lt;\/p&gt;\"\n               data-image-slug=\"05\"\n               class=\"ngg-fancybox\" rel=\"79\">\n                <img\n                    title=\"TORNIO PARALLELO KRAMATORSK TRADIZIONALE\"\n                    alt=\"TORNIO PARALLELO KRAMATORSK TRADIZIONALE\"\n                    src=\"https:\/\/sgrossaturabianchi.it\/wp-content\/gallery\/ParcoMacchine\/thumbs\/thumbs_05.jpg\"\n                    width=\"240\"\n                    height=\"160\"\n                    style=\"max-width:100%;\"\n                \/>\n            <\/a>\n        <\/div>\n\t\t\t\t\t\t\t<\/div> \n\t\t\t\n                            \n\t\t\t\t<div id=\"ngg-image-5\" class=\"ngg-gallery-thumbnail-box\" >\n\t\t\t\t        <div class=\"ngg-gallery-thumbnail\">\n            <a href=\"https:\/\/sgrossaturabianchi.it\/wp-content\/gallery\/ParcoMacchine\/06.jpg\"\n               title=\"&lt;p style=&quot;font-size:16px;&quot;&gt;&lt;strong&gt;TORNIO PARALLELO KRAMATORSK&lt;\/strong&gt;&lt;\/p&gt; &lt;p style=&quot;text-align: left;&quot;&gt;&lt;span style=&quot;font-size: 14px;&quot;&gt; Attrezzato con bareno \u201cSandvik\u201d (Coromant) \u00d8 300 mm&lt;br&gt; Con controllo numerico SIEMENS SINUMERIK 840&lt;br&gt; Plat\u00f2 \u00d8 2000 mm Lunghezza 10000 mm&lt;br&gt; Portata 63.000 Kg. (tra le punte)&lt;br&gt; &lt;\/span&gt;&lt;\/p&gt;\"\n               data-src=\"https:\/\/sgrossaturabianchi.it\/wp-content\/gallery\/ParcoMacchine\/06.jpg\"\n               data-thumbnail=\"https:\/\/sgrossaturabianchi.it\/wp-content\/gallery\/ParcoMacchine\/thumbs\/thumbs_06.jpg\"\n               data-image-id=\"7\"\n               data-title=\"TORNIO PARALLELO KRAMATORSK\"\n               data-description=\"&lt;p style=&quot;font-size:16px;&quot;&gt;&lt;strong&gt;TORNIO PARALLELO KRAMATORSK&lt;\/strong&gt;&lt;\/p&gt; &lt;p style=&quot;text-align: left;&quot;&gt;&lt;span style=&quot;font-size: 14px;&quot;&gt; Attrezzato con bareno \u201cSandvik\u201d (Coromant) \u00d8 300 mm&lt;br&gt; Con controllo numerico SIEMENS SINUMERIK 840&lt;br&gt; Plat\u00f2 \u00d8 2000 mm Lunghezza 10000 mm&lt;br&gt; Portata 63.000 Kg. (tra le punte)&lt;br&gt; &lt;\/span&gt;&lt;\/p&gt;\"\n               data-image-slug=\"06\"\n               class=\"ngg-fancybox\" rel=\"79\">\n                <img\n                    title=\"TORNIO PARALLELO KRAMATORSK\"\n                    alt=\"TORNIO PARALLELO KRAMATORSK\"\n                    src=\"https:\/\/sgrossaturabianchi.it\/wp-content\/gallery\/ParcoMacchine\/thumbs\/thumbs_06.jpg\"\n                    width=\"240\"\n                    height=\"160\"\n                    style=\"max-width:100%;\"\n                \/>\n            <\/a>\n        <\/div>\n\t\t\t\t\t\t\t<\/div> \n\t\t\t\n                                    <br style=\"clear: both\" \/>\n                    \n\t\t\n\t\t<!-- Pagination -->\n\t<div class='ngg-clear'><\/div>\t<\/div>\n<\/p>\n","protected":false},"excerpt":{"rendered":"<p>Parco macchine Sgrossatura Bianchi Superficie coperta: 1.300 mq Area esterna: 2.200 mq Possibilit\u00e0 di carico\/scarico: 50.000 Kg. (nr. 2 carroponti 25 ton; nr. 1 carroponte 50 ton; nr. 1 carrello elevatore 42 ton.) Dimensioni massime di lavorazione: tornitura bussole interno<\/p>\n","protected":false},"author":3,"featured_media":0,"parent":0,"menu_order":0,"comment_status":"closed","ping_status":"closed","template":"","meta":{"ngg_post_thumbnail":0},"_links":{"self":[{"href":"https:\/\/sgrossaturabianchi.it\/index.php\/wp-json\/wp\/v2\/pages\/6"}],"collection":[{"href":"https:\/\/sgrossaturabianchi.it\/index.php\/wp-json\/wp\/v2\/pages"}],"about":[{"href":"https:\/\/sgrossaturabianchi.it\/index.php\/wp-json\/wp\/v2\/types\/page"}],"author":[{"embeddable":true,"href":"https:\/\/sgrossaturabianchi.it\/index.php\/wp-json\/wp\/v2\/users\/3"}],"replies":[{"embeddable":true,"href":"https:\/\/sgrossaturabianchi.it\/index.php\/wp-json\/wp\/v2\/comments?post=6"}],"version-history":[{"count":8,"href":"https:\/\/sgrossaturabianchi.it\/index.php\/wp-json\/wp\/v2\/pages\/6\/revisions"}],"predecessor-version":[{"id":248,"href":"https:\/\/sgrossaturabianchi.it\/index.php\/wp-json\/wp\/v2\/pages\/6\/revisions\/248"}],"wp:attachment":[{"href":"https:\/\/sgrossaturabianchi.it\/index.php\/wp-json\/wp\/v2\/media?parent=6"}],"curies":[{"name":"wp","href":"https:\/\/api.w.org\/{rel}","templated":true}]}}